{"id":292,"date":"2021-02-18T15:38:04","date_gmt":"2021-02-18T18:38:04","guid":{"rendered":"https:\/\/colegiocadem.com.br\/online\/?page_id=292"},"modified":"2021-02-18T15:40:28","modified_gmt":"2021-02-18T18:40:28","slug":"cursos","status":"publish","type":"page","link":"https:\/\/colegiocadem.com.br\/online\/cursos\/","title":{"rendered":"Cursos"},"content":{"rendered":"\t\t<div data-elementor-type=\"wp-page\" data-elementor-id=\"292\" class=\"elementor elementor-292\">\n\t\t\t\t\t\t<section class=\"elementor-section elementor-top-section elementor-element elementor-element-4a7e8b3 elementor-section-boxed elementor-section-height-default elementor-section-height-default\" data-id=\"4a7e8b3\" data-element_type=\"section\">\n\t\t\t\t\t\t<div class=\"elementor-container elementor-column-gap-default\">\n\t\t\t\t\t<div class=\"aux-parallax-section elementor-column elementor-col-100 elementor-top-column elementor-element elementor-element-b02bc85\" data-id=\"b02bc85\" data-element_type=\"column\">\n\t\t\t<div class=\"elementor-widget-wrap elementor-element-populated\">\n\t\t\t\t\t\t<div class=\"elementor-element elementor-element-0713585 elementor-invisible elementor-widget elementor-widget-htmega-postgrid-addons\" data-id=\"0713585\" data-element_type=\"widget\" data-settings=\"{&quot;grid_post_type&quot;:&quot;curso&quot;,&quot;_animation&quot;:&quot;fadeInUp&quot;}\" data-widget_type=\"htmega-postgrid-addons.default\">\n\t\t\t\t<div class=\"elementor-widget-container\">\n\t\t\t\t\t            \n        <div class=\"htmega-post-grid-area htmega-post-grid-layout-4\">\n            <div class=\"htb-col\">\n                <div class=\"row--10 htb-row\">\n                    \n                                                    <div class=\"htb-col-lg-4 htb-col-sm-6 htb-col-12\">\n                                <div class=\"ht-post black-overlay mt--30\">\n                                        <div class=\"thumb\">\n                                            <a href=\"https:\/\/colegiocadem.com.br\/online\/curso\/curso-puncao-subcutanea-tecnica-hipodermoclise\/\">\n                                                <img fetchpriority=\"high\" decoding=\"async\" width=\"350\" height=\"260\" src=\"https:\/\/colegiocadem.com.br\/online\/wp-content\/uploads\/2021\/02\/no-img.png\" class=\"attachment-full size-full wp-post-image default-featured-img\" alt=\"\" \/>                                            <\/a>\n                                        <\/div>\n                                                                            <div class=\"post-content\">\n                                            <div class=\"content\">\n                                                <h4 class=\"htmega-post-g-title\"><a href='https:\/\/colegiocadem.com.br\/online\/curso\/curso-puncao-subcutanea-tecnica-hipodermoclise\/'>Curso Pun\u00e7\u00e3o Subcut\u00e2nea \u2013 T\u00e9cnica<\/a><\/h4>                                                                                            <\/div>\n                                        <\/div>\n                                                                        <\/div>\n                            <\/div>\n\n                        \n                        \n                                                    <div class=\"htb-col-lg-4 htb-col-sm-6 htb-col-12\">\n                                <div class=\"ht-post black-overlay mt--30\">\n                                        <div class=\"thumb\">\n                                            <a href=\"https:\/\/colegiocadem.com.br\/online\/curso\/atualizacao-e-assistencia-de-enfermagem-em-pcr-adulto\/\">\n                                                <img fetchpriority=\"high\" decoding=\"async\" width=\"350\" height=\"260\" src=\"https:\/\/colegiocadem.com.br\/online\/wp-content\/uploads\/2021\/02\/no-img.png\" class=\"attachment-full size-full wp-post-image default-featured-img\" alt=\"\" \/>                                            <\/a>\n                                        <\/div>\n                                                                            <div class=\"post-content\">\n                                            <div class=\"content\">\n                                                <h4 class=\"htmega-post-g-title\"><a href='https:\/\/colegiocadem.com.br\/online\/curso\/atualizacao-e-assistencia-de-enfermagem-em-pcr-adulto\/'>Atualiza\u00e7\u00e3o e Assist\u00eancia de enfermagem<\/a><\/h4>                                                                                            <\/div>\n                                        <\/div>\n                                                                        <\/div>\n                            <\/div>\n\n                        \n                        \n                                                    <div class=\"htb-col-lg-4 htb-col-sm-6 htb-col-12\">\n                                <div class=\"ht-post black-overlay mt--30\">\n                                        <div class=\"thumb\">\n                                            <a href=\"https:\/\/colegiocadem.com.br\/online\/curso\/tratamento-de-feridas-e-ostomias\/\">\n                                                <img fetchpriority=\"high\" decoding=\"async\" width=\"350\" height=\"260\" src=\"https:\/\/colegiocadem.com.br\/online\/wp-content\/uploads\/2021\/02\/no-img.png\" class=\"attachment-full size-full wp-post-image default-featured-img\" alt=\"\" \/>                                            <\/a>\n                                        <\/div>\n                                                                            <div class=\"post-content\">\n                                            <div class=\"content\">\n                                                <h4 class=\"htmega-post-g-title\"><a href='https:\/\/colegiocadem.com.br\/online\/curso\/tratamento-de-feridas-e-ostomias\/'>Tratamento de Feridas e Ostomias<\/a><\/h4>                                                                                            <\/div>\n                                        <\/div>\n                                                                        <\/div>\n                            <\/div>\n\n                        \n                        \n                                                    <div class=\"htb-col-lg-4 htb-col-sm-6 htb-col-12\">\n                                <div class=\"ht-post black-overlay mt--30\">\n                                        <div class=\"thumb\">\n                                            <a href=\"https:\/\/colegiocadem.com.br\/online\/curso\/coleta-laboratorial\/\">\n                                                <img fetchpriority=\"high\" decoding=\"async\" width=\"350\" height=\"260\" src=\"https:\/\/colegiocadem.com.br\/online\/wp-content\/uploads\/2021\/02\/no-img.png\" class=\"attachment-full size-full wp-post-image default-featured-img\" alt=\"\" \/>                                            <\/a>\n                                        <\/div>\n                                                                            <div class=\"post-content\">\n                                            <div class=\"content\">\n                                                <h4 class=\"htmega-post-g-title\"><a href='https:\/\/colegiocadem.com.br\/online\/curso\/coleta-laboratorial\/'>Coleta Laboratorial<\/a><\/h4>                                                                                            <\/div>\n                                        <\/div>\n                                                                        <\/div>\n                            <\/div>\n\n                        \n                        \n                                                    <div class=\"htb-col-lg-4 htb-col-sm-6 htb-col-12\">\n                                <div class=\"ht-post black-overlay mt--30\">\n                                        <div class=\"thumb\">\n                                            <a href=\"https:\/\/colegiocadem.com.br\/online\/curso\/calculos-de-medicacao\/\">\n                                                <img fetchpriority=\"high\" decoding=\"async\" width=\"350\" height=\"260\" src=\"https:\/\/colegiocadem.com.br\/online\/wp-content\/uploads\/2021\/02\/no-img.png\" class=\"attachment-full size-full wp-post-image default-featured-img\" alt=\"\" \/>                                            <\/a>\n                                        <\/div>\n                                                                            <div class=\"post-content\">\n                                            <div class=\"content\">\n                                                <h4 class=\"htmega-post-g-title\"><a href='https:\/\/colegiocadem.com.br\/online\/curso\/calculos-de-medicacao\/'>C\u00e1lculos de Medica\u00e7\u00e3o<\/a><\/h4>                                                                                            <\/div>\n                                        <\/div>\n                                                                        <\/div>\n                            <\/div>\n\n                        \n                        \n                                                    <div class=\"htb-col-lg-4 htb-col-sm-6 htb-col-12\">\n                                <div class=\"ht-post black-overlay mt--30\">\n                                        <div class=\"thumb\">\n                                            <a href=\"https:\/\/colegiocadem.com.br\/online\/curso\/curso-de-cuidador-de-criancas\/\">\n                                                <img fetchpriority=\"high\" decoding=\"async\" width=\"350\" height=\"260\" src=\"https:\/\/colegiocadem.com.br\/online\/wp-content\/uploads\/2021\/02\/no-img.png\" class=\"attachment-full size-full wp-post-image default-featured-img\" alt=\"\" \/>                                            <\/a>\n                                        <\/div>\n                                                                            <div class=\"post-content\">\n                                            <div class=\"content\">\n                                                <h4 class=\"htmega-post-g-title\"><a href='https:\/\/colegiocadem.com.br\/online\/curso\/curso-de-cuidador-de-criancas\/'>CURSO DE CUIDADOR DE CRIAN\u00c7AS<\/a><\/h4>                                                                                            <\/div>\n                                        <\/div>\n                                                                        <\/div>\n                            <\/div>\n\n                        \n                        \n                                                    <div class=\"htb-col-lg-4 htb-col-sm-6 htb-col-12\">\n                                <div class=\"ht-post black-overlay mt--30\">\n                                        <div class=\"thumb\">\n                                            <a href=\"https:\/\/colegiocadem.com.br\/online\/curso\/curso-de-cuidador-de-idosos\/\">\n                                                <img fetchpriority=\"high\" decoding=\"async\" width=\"350\" height=\"260\" src=\"https:\/\/colegiocadem.com.br\/online\/wp-content\/uploads\/2021\/02\/no-img.png\" class=\"attachment-full size-full wp-post-image default-featured-img\" alt=\"\" \/>                                            <\/a>\n                                        <\/div>\n                                                                            <div class=\"post-content\">\n                                            <div class=\"content\">\n                                                <h4 class=\"htmega-post-g-title\"><a href='https:\/\/colegiocadem.com.br\/online\/curso\/curso-de-cuidador-de-idosos\/'>CURSO DE CUIDADOR DE IDOSOS<\/a><\/h4>                                                                                            <\/div>\n                                        <\/div>\n                                                                        <\/div>\n                            <\/div>\n\n                        \n                        \n                                                    <div class=\"htb-col-lg-4 htb-col-sm-6 htb-col-12\">\n                                <div class=\"ht-post black-overlay mt--30\">\n                                        <div class=\"thumb\">\n                                            <a href=\"https:\/\/colegiocadem.com.br\/online\/curso\/especializacao-em-banco-de-sangue\/\">\n                                                <img fetchpriority=\"high\" decoding=\"async\" width=\"350\" height=\"260\" src=\"https:\/\/colegiocadem.com.br\/online\/wp-content\/uploads\/2021\/02\/no-img.png\" class=\"attachment-full size-full wp-post-image default-featured-img\" alt=\"\" \/>                                            <\/a>\n                                        <\/div>\n                                                                            <div class=\"post-content\">\n                                            <div class=\"content\">\n                                                <h4 class=\"htmega-post-g-title\"><a href='https:\/\/colegiocadem.com.br\/online\/curso\/especializacao-em-banco-de-sangue\/'>ESPECIALIZA\u00c7\u00c3O EM BANCO DE SANGUE<\/a><\/h4>                                                                                            <\/div>\n                                        <\/div>\n                                                                        <\/div>\n                            <\/div>\n\n                        \n                        \n                                                    <div class=\"htb-col-lg-4 htb-col-sm-6 htb-col-12\">\n                                <div class=\"ht-post black-overlay mt--30\">\n                                        <div class=\"thumb\">\n                                            <a href=\"https:\/\/colegiocadem.com.br\/online\/curso\/especializacao-em-uti\/\">\n                                                <img fetchpriority=\"high\" decoding=\"async\" width=\"350\" height=\"260\" src=\"https:\/\/colegiocadem.com.br\/online\/wp-content\/uploads\/2021\/02\/no-img.png\" class=\"attachment-full size-full wp-post-image default-featured-img\" alt=\"\" \/>                                            <\/a>\n                                        <\/div>\n                                                                            <div class=\"post-content\">\n                                            <div class=\"content\">\n                                                <h4 class=\"htmega-post-g-title\"><a href='https:\/\/colegiocadem.com.br\/online\/curso\/especializacao-em-uti\/'>ESPECIALIZA\u00c7\u00c3O EM UTI<\/a><\/h4>                                                                                            <\/div>\n                                        <\/div>\n                                                                        <\/div>\n                            <\/div>\n\n                        \n                        \n                                                    <div class=\"htb-col-lg-4 htb-col-sm-6 htb-col-12\">\n                                <div class=\"ht-post black-overlay mt--30\">\n                                        <div class=\"thumb\">\n                                            <a href=\"https:\/\/colegiocadem.com.br\/online\/curso\/especializacao-em-enfermagem-do-trabalho\/\">\n                                                <img fetchpriority=\"high\" decoding=\"async\" width=\"350\" height=\"260\" src=\"https:\/\/colegiocadem.com.br\/online\/wp-content\/uploads\/2021\/02\/no-img.png\" class=\"attachment-full size-full wp-post-image default-featured-img\" alt=\"\" \/>                                            <\/a>\n                                        <\/div>\n                                                                            <div class=\"post-content\">\n                                            <div class=\"content\">\n                                                <h4 class=\"htmega-post-g-title\"><a href='https:\/\/colegiocadem.com.br\/online\/curso\/especializacao-em-enfermagem-do-trabalho\/'>ESPECIALIZA\u00c7\u00c3O EM ENFERMAGEM DO TRABALHO<\/a><\/h4>                                                                                            <\/div>\n                                        <\/div>\n                                                                        <\/div>\n                            <\/div>\n\n                        \n                        \n                                                    <div class=\"htb-col-lg-4 htb-col-sm-6 htb-col-12\">\n                                <div class=\"ht-post black-overlay mt--30\">\n                                        <div class=\"thumb\">\n                                            <a href=\"https:\/\/colegiocadem.com.br\/online\/curso\/tecnico-em-enfermagem\/\">\n                                                <img fetchpriority=\"high\" decoding=\"async\" width=\"350\" height=\"260\" src=\"https:\/\/colegiocadem.com.br\/online\/wp-content\/uploads\/2021\/02\/no-img.png\" class=\"attachment-full size-full wp-post-image default-featured-img\" alt=\"\" \/>                                            <\/a>\n                                        <\/div>\n                                                                            <div class=\"post-content\">\n                                            <div class=\"content\">\n                                                <h4 class=\"htmega-post-g-title\"><a href='https:\/\/colegiocadem.com.br\/online\/curso\/tecnico-em-enfermagem\/'>T\u00c9CNICO EM ENFERMAGEM<\/a><\/h4>                                                                                            <\/div>\n                                        <\/div>\n                                                                        <\/div>\n                            <\/div>\n\n                        \n                        \n                                                    <div class=\"htb-col-lg-4 htb-col-sm-6 htb-col-12\">\n                                <div class=\"ht-post black-overlay mt--30\">\n                                        <div class=\"thumb\">\n                                            <a href=\"https:\/\/colegiocadem.com.br\/online\/curso\/auxilar-tecnico-em-enfermagem\/\">\n                                                <img fetchpriority=\"high\" decoding=\"async\" width=\"350\" height=\"260\" src=\"https:\/\/colegiocadem.com.br\/online\/wp-content\/uploads\/2021\/02\/no-img.png\" class=\"attachment-full size-full wp-post-image default-featured-img\" alt=\"\" \/>                                            <\/a>\n                                        <\/div>\n                                                                            <div class=\"post-content\">\n                                            <div class=\"content\">\n                                                <h4 class=\"htmega-post-g-title\"><a href='https:\/\/colegiocadem.com.br\/online\/curso\/auxilar-tecnico-em-enfermagem\/'>AUXILAR T\u00c9CNICO EM ENFERMAGEM<\/a><\/h4>                                                                                            <\/div>\n                                        <\/div>\n                                                                        <\/div>\n                            <\/div>\n\n                        \n                                        <\/div>\n            <\/div>\n        <\/div>\n\n        \t\t\t\t<\/div>\n\t\t\t\t<\/div>\n\t\t\t\t\t<\/div>\n\t\t<\/div>\n\t\t\t\t\t<\/div>\n\t\t<\/section>\n\t\t\t\t<\/div>\n\t\t","protected":false},"excerpt":{"rendered":"<p>Curso Pun\u00e7\u00e3o Subcut\u00e2nea \u2013 T\u00e9cnica Atualiza\u00e7\u00e3o e Assist\u00eancia de enfermagem Tratamento de Feridas e Ostomias Coleta Laboratorial C\u00e1lculos de Medica\u00e7\u00e3o CURSO DE CUIDADOR DE CRIAN\u00c7AS CURSO DE CUIDADOR DE IDOSOS ESPECIALIZA\u00c7\u00c3O EM BANCO DE SANGUE ESPECIALIZA\u00c7\u00c3O EM UTI ESPECIALIZA\u00c7\u00c3O EM ENFERMAGEM DO TRABALHO T\u00c9CNICO EM ENFERMAGEM AUXILAR T\u00c9CNICO EM ENFERMAGEM<\/p>\n","protected":false},"author":1,"featured_media":148,"parent":0,"menu_order":0,"comment_status":"closed","ping_status":"closed","template":"","meta":{"footnotes":""},"class_list":["post-292","page","type-page","status-publish","has-post-thumbnail","hentry"],"_links":{"self":[{"href":"https:\/\/colegiocadem.com.br\/online\/wp-json\/wp\/v2\/pages\/292","targetHints":{"allow":["GET"]}}],"collection":[{"href":"https:\/\/colegiocadem.com.br\/online\/wp-json\/wp\/v2\/pages"}],"about":[{"href":"https:\/\/colegiocadem.com.br\/online\/wp-json\/wp\/v2\/types\/page"}],"author":[{"embeddable":true,"href":"https:\/\/colegiocadem.com.br\/online\/wp-json\/wp\/v2\/users\/1"}],"replies":[{"embeddable":true,"href":"https:\/\/colegiocadem.com.br\/online\/wp-json\/wp\/v2\/comments?post=292"}],"version-history":[{"count":4,"href":"https:\/\/colegiocadem.com.br\/online\/wp-json\/wp\/v2\/pages\/292\/revisions"}],"predecessor-version":[{"id":296,"href":"https:\/\/colegiocadem.com.br\/online\/wp-json\/wp\/v2\/pages\/292\/revisions\/296"}],"wp:featuredmedia":[{"embeddable":true,"href":"https:\/\/colegiocadem.com.br\/online\/wp-json\/wp\/v2\/media\/148"}],"wp:attachment":[{"href":"https:\/\/colegiocadem.com.br\/online\/wp-json\/wp\/v2\/media?parent=292"}],"curies":[{"name":"wp","href":"https:\/\/api.w.org\/{rel}","templated":true}]}}