{"id":244,"date":"2021-02-18T11:54:58","date_gmt":"2021-02-18T14:54:58","guid":{"rendered":"https:\/\/colegiocadem.com.br\/online\/?page_id=244"},"modified":"2025-05-28T22:28:08","modified_gmt":"2025-05-29T01:28:08","slug":"cursos-livres","status":"publish","type":"page","link":"https:\/\/colegiocadem.com.br\/online\/cursos-livres\/","title":{"rendered":"Cursos Livres"},"content":{"rendered":"\t\t<div data-elementor-type=\"wp-page\" data-elementor-id=\"244\" class=\"elementor elementor-244\">\n\t\t\t\t\t\t<section class=\"elementor-section elementor-top-section elementor-element elementor-element-158e7b43 elementor-section-boxed elementor-section-height-default elementor-section-height-default\" data-id=\"158e7b43\" data-element_type=\"section\">\n\t\t\t\t\t\t<div class=\"elementor-container elementor-column-gap-default\">\n\t\t\t\t\t<div class=\"aux-parallax-section elementor-column elementor-col-100 elementor-top-column elementor-element elementor-element-7850b228\" data-id=\"7850b228\" data-element_type=\"column\">\n\t\t\t<div class=\"elementor-widget-wrap elementor-element-populated\">\n\t\t\t\t\t\t<div class=\"elementor-element elementor-element-32d7738e elementor-widget elementor-widget-text-editor\" data-id=\"32d7738e\" data-element_type=\"widget\" data-widget_type=\"text-editor.default\">\n\t\t\t\t<div class=\"elementor-widget-container\">\n\t\t\t\t\t\t\t\t\t<p><\/p>\n<table style=\"width: 1049px;\" border=\"1\" cellspacing=\"3\" cellpadding=\"1\">\n<tbody>\n<tr>\n<td style=\"background-color: #ffffff; height: 60px; text-align: center; vertical-align: middle; white-space: nowrap;\"><span style=\"color: #bd1622;\"><strong><span style=\"font-size: 18px;\">NOME DO CURSO<\/span><\/strong><\/span><\/td>\n<td style=\"background-color: #ffffff; text-align: center;\"><span style=\"color: #bd1622;\"><strong><span style=\"font-size: 18px;\">DIA<\/span><\/strong><\/span><\/td>\n<td style=\"background-color: #ffffff; text-align: center;\"><span style=\"color: #bd1622;\"><strong><span style=\"font-size: 18px;\">DURA\u00c7\u00c3O<\/span><\/strong><\/span><\/td>\n<td style=\"background-color: #ffffff; text-align: center;\"><span style=\"color: #bd1622;\"><strong><span style=\"font-size: 18px;\">HOR\u00c1RIO<\/span><\/strong><\/span><\/td>\n<\/tr>\n<tr>\n<td style=\"height: 60px; text-align: justify; vertical-align: middle; white-space: nowrap;\">\n<p style=\"text-align: center;\"><strong>APH<\/strong><\/p>\n<p style=\"text-align: center;\"><strong>ATENDIMENTO PR\u00c9-HOSPITALAR<\/strong><\/p>\n<p style=\"text-align: center;\"><span style=\"font-size: 14px;\"><strong>20 horas<\/strong><\/span><\/p>\n<p>\u00a0<\/p>\n<\/td>\n<td style=\"text-align: center;\"><span style=\"font-size: 14px;\"><strong>DOMINGO<\/strong><\/span><\/td>\n<td style=\"text-align: center;\">De 15\/06\/2025 a 29\/06\/2025<\/td>\n<td style=\"text-align: center;\">Das 8 \u00e0s 18h<\/td>\n<\/tr>\n<tr>\n<td style=\"background-color: #cccccc;\">\n<p style=\"text-align: center;\"><span style=\"font-size: 14px;\"><strong>AROMATERAPIA PARA INICIANTES<\/strong><\/span><\/p>\n<p style=\"text-align: center;\"><span style=\"font-size: 14px;\"><strong>6 horas<\/strong><\/span><\/p>\n<\/td>\n<td style=\"background-color: #cccccc; text-align: center;\"><span style=\"font-size: 14px;\"><strong>S\u00c1BADO<\/strong><\/span><\/td>\n<td style=\"background-color: #cccccc; text-align: center;\">28\/06\/2025<\/td>\n<td style=\"background-color: #cccccc; text-align: center;\">Das 08 \u00e0s 13h<\/td>\n<\/tr>\n<tr>\n<td rowspan=\"2\">\n<p style=\"text-align: center;\"><span style=\"font-size: 14px;\"><strong>COLETA LABORATORIAL<\/strong><\/span><\/p>\n<p style=\"text-align: center;\"><span style=\"font-size: 14px;\"><strong>30\u00a0horas<\/strong><\/span><\/p>\n<\/td>\n<td style=\"text-align: center;\"><span style=\"font-size: 14px;\"><strong>S\u00c1BADO<\/strong><\/span><\/td>\n<td style=\"text-align: center;\">&#8211;<\/td>\n<td style=\"text-align: center;\">&#8211;<\/td>\n<\/tr>\n<tr>\n<td style=\"text-align: center;\"><span style=\"font-size: 14px;\"><strong>DOMINGO<\/strong><\/span><\/td>\n<td style=\"text-align: center;\">De 08\/06\/2025 a 20\/07\/2025<\/td>\n<td style=\"text-align: center;\">Das 08 \u00e0s 13h<\/td>\n<\/tr>\n<tr>\n<td style=\"background-color: #cccccc;\" rowspan=\"2\">\n<p style=\"text-align: center;\"><span style=\"font-size: 14px;\"><strong>C\u00c1LCULO DE MEDICA\u00c7\u00c3O<\/strong><\/span><\/p>\n<p style=\"text-align: center;\"><span style=\"font-size: 14px;\"><strong>30\u00a0horas<\/strong><\/span><\/p>\n<\/td>\n<td style=\"background-color: #cccccc; text-align: center;\"><span style=\"font-size: 14px;\"><strong>S\u00c1BADO<\/strong><\/span><\/td>\n<td style=\"background-color: #cccccc; text-align: center;\">&#8211;<\/td>\n<td style=\"background-color: #cccccc; text-align: center;\">&#8211;<\/td>\n<\/tr>\n<tr>\n<td style=\"background-color: #cccccc; text-align: center;\"><span style=\"font-size: 14px;\"><strong>DOMINGO<\/strong><\/span><\/td>\n<td style=\"background-color: #cccccc; text-align: center;\">De 08\/06\/2025 a 29\/06\/2025<\/td>\n<td style=\"background-color: #cccccc; text-align: center;\">Das 08 \u00e0s 18h<\/td>\n<\/tr>\n<tr>\n<td>\n<p style=\"text-align: center;\"><strong>CME<\/strong><\/p>\n<p style=\"text-align: center;\"><strong>CENTRAL DE MATERIAL E ESTERILIZA\u00c7\u00c3O<\/strong><\/p>\n<p style=\"text-align: center;\"><span style=\"font-size: 14px;\"><strong>20 horas<\/strong><\/span><\/p>\n<\/td>\n<td style=\"text-align: center;\"><span style=\"font-size: 14px;\"><strong>S\u00c1BADO<\/strong><\/span><\/td>\n<td style=\"text-align: center;\">De 14\/06\/2025 a 12\/07\/2025<\/td>\n<td style=\"text-align: center;\">Das 08 \u00e0s 13:00h<\/td>\n<\/tr>\n<tr>\n<td style=\"background-color: #cccccc;\">\n<p style=\"text-align: center;\"><span style=\"font-size: 14px;\"><strong>FERIDAS, OSTOMIAS E MANUSEIO DE\u00a0<\/strong><\/span><\/p>\n<p style=\"text-align: center;\"><span style=\"font-size: 14px;\"><strong>BOLSA DE COLOSTOMIA<\/strong><\/span><\/p>\n<p style=\"text-align: center;\"><span style=\"font-size: 14px;\"><strong>20 horas<\/strong><\/span><\/p>\n<\/td>\n<td style=\"background-color: #cccccc; text-align: center;\"><span style=\"font-size: 14px;\"><strong>DOMINGO<\/strong><\/span><\/td>\n<td style=\"background-color: #cccccc; text-align: center;\">De 29\/06\/2025 a 13\/07\/2025<\/td>\n<td style=\"background-color: #cccccc; text-align: center;\">Das 8 \u00e0s 15h<\/td>\n<\/tr>\n<tr>\n<td>\n<p style=\"text-align: center;\"><span style=\"font-size: 14px;\"><strong>PUN\u00c7\u00c3O SUBCUT\u00c2NEA &#8211; T\u00c9CNICA DE<\/strong><\/span><\/p>\n<p style=\"text-align: center;\"><span style=\"font-size: 14px;\"><strong>HIPODERM\u00d3CLISE<\/strong><\/span><\/p>\n<p style=\"text-align: center;\"><span style=\"font-size: 14px;\"><strong>4 horas<\/strong><\/span><\/p>\n<\/td>\n<td style=\"text-align: center;\"><span style=\"font-size: 14px;\"><strong>S\u00c1BADO<\/strong><\/span><\/td>\n<td style=\"text-align: center;\">&#8211;<\/td>\n<td style=\"text-align: center;\">&#8211;<\/td>\n<\/tr>\n<\/tbody>\n<\/table>\n<p><\/p>\t\t\t\t\t\t\t\t<\/div>\n\t\t\t\t<\/div>\n\t\t\t\t\t<\/div>\n\t\t<\/div>\n\t\t\t\t\t<\/div>\n\t\t<\/section>\n\t\t\t\t<\/div>\n\t\t","protected":false},"excerpt":{"rendered":"<p>NOME DO CURSO DIA DURA\u00c7\u00c3O HOR\u00c1RIO APH ATENDIMENTO PR\u00c9-HOSPITALAR 20 horas \u00a0 DOMINGO De 15\/06\/2025 a 29\/06\/2025 Das 8 \u00e0s 18h AROMATERAPIA PARA INICIANTES 6 horas S\u00c1BADO 28\/06\/2025 Das 08 \u00e0s 13h COLETA LABORATORIAL 30\u00a0horas S\u00c1BADO &#8211; &#8211; DOMINGO De 08\/06\/2025 a 20\/07\/2025 Das 08 \u00e0s 13h C\u00c1LCULO DE MEDICA\u00c7\u00c3O 30\u00a0horas S\u00c1BADO &#8211; &#8211; DOMINGO [&hellip;]<\/p>\n","protected":false},"author":1,"featured_media":148,"parent":0,"menu_order":0,"comment_status":"closed","ping_status":"closed","template":"","meta":{"footnotes":""},"class_list":["post-244","page","type-page","status-publish","has-post-thumbnail","hentry"],"_links":{"self":[{"href":"https:\/\/colegiocadem.com.br\/online\/wp-json\/wp\/v2\/pages\/244","targetHints":{"allow":["GET"]}}],"collection":[{"href":"https:\/\/colegiocadem.com.br\/online\/wp-json\/wp\/v2\/pages"}],"about":[{"href":"https:\/\/colegiocadem.com.br\/online\/wp-json\/wp\/v2\/types\/page"}],"author":[{"embeddable":true,"href":"https:\/\/colegiocadem.com.br\/online\/wp-json\/wp\/v2\/users\/1"}],"replies":[{"embeddable":true,"href":"https:\/\/colegiocadem.com.br\/online\/wp-json\/wp\/v2\/comments?post=244"}],"version-history":[{"count":10,"href":"https:\/\/colegiocadem.com.br\/online\/wp-json\/wp\/v2\/pages\/244\/revisions"}],"predecessor-version":[{"id":421,"href":"https:\/\/colegiocadem.com.br\/online\/wp-json\/wp\/v2\/pages\/244\/revisions\/421"}],"wp:featuredmedia":[{"embeddable":true,"href":"https:\/\/colegiocadem.com.br\/online\/wp-json\/wp\/v2\/media\/148"}],"wp:attachment":[{"href":"https:\/\/colegiocadem.com.br\/online\/wp-json\/wp\/v2\/media?parent=244"}],"curies":[{"name":"wp","href":"https:\/\/api.w.org\/{rel}","templated":true}]}}