{"id":20,"date":"2021-02-15T10:56:05","date_gmt":"2021-02-15T13:56:05","guid":{"rendered":"https:\/\/colegiocadem.com.br\/online\/?page_id=20"},"modified":"2021-02-18T15:30:06","modified_gmt":"2021-02-18T18:30:06","slug":"nosso-proposito","status":"publish","type":"page","link":"https:\/\/colegiocadem.com.br\/online\/nosso-proposito\/","title":{"rendered":"Conhe\u00e7a nosso prop\u00f3sito"},"content":{"rendered":"\n<p>Acreditamos que a educa\u00e7\u00e3o transforma as pessoas.<\/p>\n\n\n\n<p>Mais do que capacitar profissionais para atuarem de forma plena e com compet\u00eancia na \u00e1rea da sa\u00fade, nosso prop\u00f3sito \u00e9 contribuir com o crescimento pessoal de cada um de nossos alunos e colaboradores, para que estes tenham a capacidade de mudar para melhor suas vidas e a realidade que os cerca.<\/p>\n\n\n\n<p>Essa cren\u00e7a, somada ao resultado que obtivemos ao longo dos anos de \u00eaxito daqueles que estudaram conosco, \u00e9 base de nossa filosofia de ensino e o que nos motiva desde a funda\u00e7\u00e3o do col\u00e9gio, em 1967, quando eram ministrados os cursos de Admiss\u00e3o ao Gin\u00e1sio, Datilografia e Madureza Ginasial (de onde se originou a sigla CADEM).<\/p>\n\n\n\n<p>Atualmente oferecemos cursos voltados para a \u00e1rea da sa\u00fade, seguindo sempre as tend\u00eancias de mercado. Qualificar pessoas para cuidar do que o ser humano tem de mais precioso em sua vida, a sa\u00fade, d\u00e1 um significado ainda mais profundo \u00e0 nossa vis\u00e3o, o que faz com que sejamos refer\u00eancia em forma\u00e7\u00e3o profissional e qualidade no segmento.<\/p>\n\n\n\n<p><strong>Col\u00e9gio Cadem: H\u00e1 mais de 50 anos formando pessoas e profissionais.<\/strong><\/p>\n","protected":false},"excerpt":{"rendered":"<p>Acreditamos que a educa\u00e7\u00e3o transforma as pessoas. Mais do que capacitar profissionais para atuarem de forma plena e com compet\u00eancia na \u00e1rea da sa\u00fade, nosso prop\u00f3sito \u00e9 contribuir com o crescimento pessoal de cada um de nossos alunos e colaboradores, para que estes tenham a capacidade de mudar para melhor suas vidas e a realidade [&hellip;]<\/p>\n","protected":false},"author":1,"featured_media":148,"parent":0,"menu_order":0,"comment_status":"closed","ping_status":"closed","template":"","meta":{"footnotes":""},"class_list":["post-20","page","type-page","status-publish","has-post-thumbnail","hentry"],"_links":{"self":[{"href":"https:\/\/colegiocadem.com.br\/online\/wp-json\/wp\/v2\/pages\/20","targetHints":{"allow":["GET"]}}],"collection":[{"href":"https:\/\/colegiocadem.com.br\/online\/wp-json\/wp\/v2\/pages"}],"about":[{"href":"https:\/\/colegiocadem.com.br\/online\/wp-json\/wp\/v2\/types\/page"}],"author":[{"embeddable":true,"href":"https:\/\/colegiocadem.com.br\/online\/wp-json\/wp\/v2\/users\/1"}],"replies":[{"embeddable":true,"href":"https:\/\/colegiocadem.com.br\/online\/wp-json\/wp\/v2\/comments?post=20"}],"version-history":[{"count":2,"href":"https:\/\/colegiocadem.com.br\/online\/wp-json\/wp\/v2\/pages\/20\/revisions"}],"predecessor-version":[{"id":280,"href":"https:\/\/colegiocadem.com.br\/online\/wp-json\/wp\/v2\/pages\/20\/revisions\/280"}],"wp:featuredmedia":[{"embeddable":true,"href":"https:\/\/colegiocadem.com.br\/online\/wp-json\/wp\/v2\/media\/148"}],"wp:attachment":[{"href":"https:\/\/colegiocadem.com.br\/online\/wp-json\/wp\/v2\/media?parent=20"}],"curies":[{"name":"wp","href":"https:\/\/api.w.org\/{rel}","templated":true}]}}